{"id":279,"date":"2024-02-15T23:40:16","date_gmt":"2024-02-15T23:40:16","guid":{"rendered":"https:\/\/sisupilates.com\/?page_id=279"},"modified":"2025-03-17T22:42:09","modified_gmt":"2025-03-17T22:42:09","slug":"inicio","status":"publish","type":"page","link":"https:\/\/sisupilates.com\/es\/inicio\/","title":{"rendered":"QUI\u00c9NES SOMOS"},"content":{"rendered":"\n<h2 class=\"wp-block-heading has-text-align-center has-ast-global-color-0-color has-text-color has-link-color wp-elements-7a8105322f61b9ddba2737b720e3ad97\" style=\"margin-top:var(--wp--preset--spacing--50)\">QUI\u00c9NES SOMOS<\/h2>\n\n\n\n<div class=\"wp-block-group alignfull has-ast-global-color-4-background-color has-background is-layout-constrained wp-container-core-group-is-layout-f58750d7 wp-block-group-is-layout-constrained\" style=\"margin-top:0;margin-bottom:0;padding-top:6rem;padding-right:1rem;padding-bottom:6rem;padding-left:1rem\">\n<div class=\"wp-block-columns is-layout-flex wp-container-core-columns-is-layout-731cc08c wp-block-columns-is-layout-flex\">\n<div class=\"wp-block-column is-layout-flow wp-container-core-column-is-layout-e38e6d2d wp-block-column-is-layout-flow\">\n<h4 class=\"wp-block-heading has-text-align-center has-ast-global-color-0-color has-text-color has-link-color wp-elements-b0132732e17b6e03b318fa53370af2f2\" style=\"font-size:1.5rem;font-style:normal;font-weight:400;text-decoration:none\">Ubicaci\u00f3n<\/h4>\n\n\n\n<p class=\"has-text-align-center has-text-color has-link-color wp-elements-d8b4d910c11c2c6f63dcb3676ff9b63b\" style=\"color:#000000;font-size:18px\">El estudio est\u00e1 ubicado en el centro de Buenos Aires, en Juan D. Per\u00f3n y Montevideo, con f\u00e1cil acceso a 3 l\u00edneas de subte y varias l\u00edneas de colectivos.<\/p>\n<\/div>\n\n\n\n<div class=\"wp-block-column is-layout-flow wp-container-core-column-is-layout-e38e6d2d wp-block-column-is-layout-flow\">\n<h4 class=\"wp-block-heading has-text-align-center has-ast-global-color-0-color has-text-color\" style=\"font-size:1.5rem;font-style:normal;font-weight:400;text-decoration:none\">Pilates<\/h4>\n\n\n\n<p class=\"has-text-align-center has-text-color has-link-color wp-elements-0913a4dfc587beba258b81343c1fa076\" style=\"color:#000000;font-size:18px\">Nuestra filosof\u00eda es simple:  Pilates real para vida real.  Personalizamos las sesiones para adaptarlas a tus objetivos y necesidades. Desde principiantes hasta practicantes avanzados, apoyamos a personas de todas las edades y niveles de condici\u00f3n f\u00edsica. Ofrecemos Pilates post-rehabilitaci\u00f3n, as\u00ed como Pilates para personas mayores y Pilates pre- y postparto.  Ense\u00f1amos en espa\u00f1ol, ingl\u00e9s y fin\u00e9s. <\/p>\n<\/div>\n\n\n\n<div class=\"wp-block-column is-layout-flow wp-container-core-column-is-layout-e38e6d2d wp-block-column-is-layout-flow\">\n<h4 class=\"wp-block-heading has-text-align-center has-ast-global-color-0-color has-text-color\" style=\"font-size:1.5rem;font-style:normal;font-weight:400;text-decoration:none\">\u00bfPorqu\u00e9 Sisu?<\/h4>\n\n\n\n<p class=\"has-text-align-center has-text-color has-link-color wp-elements-4ef2bc03dc624531e9018b16d9646db8\" style=\"color:#000000;font-size:18px\">Sisu es una palabra finlandesa que abarca varios conceptos.&nbsp; Es la determinaci\u00f3n extraordinaria, el coraje y la resoluci\u00f3n frente a la adversidad extrema. Es la disposici\u00f3n mental que nos permite ver, m\u00e1s all\u00e1 de nuestras limitaciones presentes, lo que podr\u00edamos alcanzar. Sisu es un elemento integral de la cultura finlandesa, y tambi\u00e9n una capacidad universal cuyo potencial existe en todos nosotros.<\/p>\n<\/div>\n<\/div>\n<\/div>\n\n\n\n<section class=\"wp-block-group alignfull has-text-color is-layout-constrained wp-container-core-group-is-layout-4252d6ba wp-block-group-is-layout-constrained\" style=\"color:#03081e;margin-top:0px;padding-top:6.51rem;padding-right:1rem;padding-bottom:5.5rem;padding-left:1rem;font-size:1.13rem;font-style:normal;font-weight:400;line-height:1.4\">\n<section class=\"wp-block-group alignfull has-text-color is-layout-constrained wp-container-core-group-is-layout-c3e59fcd wp-block-group-is-layout-constrained\" style=\"color:#252525;margin-top:0px;padding-top:4.01rem;padding-right:1rem;padding-bottom:4.5rem;padding-left:1rem;font-size:1.13rem;font-style:normal;font-weight:400;line-height:1.4\">\n<div class=\"wp-block-cover alignfull has-text-color\" style=\"color:#fffaf1;margin-top:0;margin-bottom:0;padding-top:80px;padding-bottom:80px\"><span aria-hidden=\"true\" class=\"wp-block-cover__background has-ast-global-color-4-background-color has-background-dim-100 has-background-dim\"><\/span><div class=\"wp-block-cover__inner-container is-layout-constrained wp-container-core-cover-is-layout-e356fc55 wp-block-cover-is-layout-constrained\">\n<div class=\"wp-block-columns is-layout-flex wp-container-core-columns-is-layout-dab8da8d wp-block-columns-is-layout-flex\">\n<div class=\"wp-block-column is-layout-flow wp-block-column-is-layout-flow\">\n<h2 class=\"wp-block-heading has-ast-global-color-0-color has-text-color has-link-color wp-elements-5ff2166eba5cce7023dec72bf34b72ac\" style=\"margin-top:60px;padding-left:var(--wp--preset--spacing--70);font-size:20px;font-style:normal;font-weight:400;line-height:1.1;text-transform:capitalize\">Arja Pirinen, proprietaria<\/h2>\n\n\n\n<p class=\"has-ast-global-color-2-color has-text-color has-link-color wp-elements-8e16db1dc38dbf855872b478aea546d6\">Nac\u00ed y crec\u00ed en Finlandia. Despu\u00e9s de terminar mis estudios en la universidad de Vaasa me mud\u00e9 a Washington, D.C, para trabajar en la Embajada de Finlandia. Descubr\u00ed Pilates en 1998, cuando era estudiante de danza e instructora de fitness. Obtuve mi certificaci\u00f3n para ense\u00f1ar en 2000 y mi certificaci\u00f3n PMA (Pilates Method Alliance) en 2006. Estudi\u00e9 Pilates, tanto en su forma cl\u00e1sica como contempor\u00e1nea, con varios maestros destacados, entre ellos Bob Liekens, Elizabeth Larkam, Kathy Grant y Julian Littleford. En 2016 me mud\u00e9 a Buenos Aires, donde comenc\u00e9 ense\u00f1ando Pilates en N\u00f3rdica Quiropraxia &amp; Pilates. Abr\u00ed mi estudio propio, Sisu Pilates, en febrero de 2019.<\/p>\n\n\n\n<p class=\"has-ast-global-color-2-color has-text-color has-link-color wp-elements-8b0f08979ffd941d7a52e48da80ddb1d\">He tenido clientes de todas las edades y niveles de aptitud, desde adolescentes hasta adultos mayores y desde novatos hasta bailarines y atletas profesionales. He trabajado con bailarines del Ballet de Washington y he ense\u00f1ado Pilates al D.C. United, el equipo de f\u00fatbol profesional de Washington, D.C.<\/p>\n\n\n\n<p class=\"has-ast-global-color-2-color has-text-color has-link-color wp-elements-b47de082ef815d8af0a36fbb43cebb10\">Quiero difundir los principios de Pilates y ayudar a que m\u00e1s gente los incorpore en su vida. Como instructora, combino mi experiencia y conocimiento de varias disciplinas con mi deseo de ser una ayuda positiva para cada individuo. Mis conocimientos de Pilates se enriquecen con m\u00e1s de tres d\u00e9cadas de experiencia en t\u00e9cnicas de salud y fitness. Como adem\u00e1s soy una gran entusiasta del entrenamiento f\u00edsico integral, fuera del estudio de Pilates tambi\u00e9n podr\u00e1n encontrarme entrenando en el gimnasio o bailando tango.<\/p>\n<\/div>\n\n\n\n<div class=\"wp-block-column is-vertically-aligned-top is-layout-flow wp-block-column-is-layout-flow\">\n<figure class=\"wp-block-image aligncenter size-full is-resized has-custom-border\"><img loading=\"lazy\" decoding=\"async\" width=\"1920\" height=\"1080\" src=\"https:\/\/sisupilates.com\/wp-content\/uploads\/2024\/02\/Yle-photo-1.jpg\" alt=\"\" class=\"has-border-color wp-image-249\" style=\"border-color:var(--ast-global-color-0);border-width:3px;border-radius:0%;aspect-ratio:1;object-fit:cover;width:400px;height:auto\" srcset=\"https:\/\/sisupilates.com\/wp-content\/uploads\/2024\/02\/Yle-photo-1.jpg 1920w, https:\/\/sisupilates.com\/wp-content\/uploads\/2024\/02\/Yle-photo-1-300x169.jpg 300w, https:\/\/sisupilates.com\/wp-content\/uploads\/2024\/02\/Yle-photo-1-1024x576.jpg 1024w, https:\/\/sisupilates.com\/wp-content\/uploads\/2024\/02\/Yle-photo-1-768x432.jpg 768w, https:\/\/sisupilates.com\/wp-content\/uploads\/2024\/02\/Yle-photo-1-1536x864.jpg 1536w\" sizes=\"auto, (max-width: 1920px) 100vw, 1920px\" \/><\/figure>\n\n\n\n<p class=\"has-text-align-center has-ast-global-color-2-color has-text-color has-link-color has-small-font-size wp-elements-76136aa422459ee8c59763d131fe6a91\">Photo by Gabriel Bendahan<\/p>\n<\/div>\n<\/div>\n<\/div><\/div>\n<\/section>\n\n\n\n<div class=\"wp-block-columns is-layout-flex wp-container-core-columns-is-layout-ae2e1988 wp-block-columns-is-layout-flex\" style=\"margin-bottom:0px\">\n<div class=\"wp-block-column is-content-justification-left is-layout-constrained wp-container-core-column-is-layout-12dd3699 wp-block-column-is-layout-constrained\" style=\"flex-basis:45%\">\n<p>&nbsp;<\/p>\n\n\n\n<ul class=\"wp-block-list has-ast-global-color-4-background-color has-background\">\n<li>Romana&#8217;s Pilates International Level V Instructor 2025<\/li>\n\n\n\n<li>NCPT \u2013 Nationally Certified Pilates Teacher (USA) 2006<\/li>\n\n\n\n<li>Alves Pilates Teacher Trainer 2018<\/li>\n\n\n\n<li>Pre- and Post-Natal Pilates 2016,&nbsp; Fusion Pilates<\/li>\n\n\n\n<li>Power Pilates Teacher 2002<\/li>\n\n\n\n<li>Physicalmind Institute Pilates 2000<\/li>\n\n\n\n<li>NSCA-CPT\u00ae 1998 , Certified Personal Trainer, National Strength and Conditioning Association<\/li>\n\n\n\n<li>Samayama Yoga Teacher 2004<\/li>\n\n\n\n<li>GYROKINESIS\u00ae Teacher 2012, by Juliu Horwath in M\u00fcnsterthal, Germany<\/li>\n\n\n\n<li>AntiGravity\u00ae Yoga 2008 \u2013 AntiGravity\u00ae Inc.<\/li>\n\n\n\n<li>Group Fitness 1990 AFAA, American Fitness and Aerobics Association<\/li>\n\n\n\n<li>Barre Method 2014, Bender Barre Method<\/li>\n\n\n\n<li>CPR\/AED and First Aid, Cruz Roja Argentina<\/li>\n<\/ul>\n<\/div>\n\n\n\n<div class=\"wp-block-column is-layout-flow wp-block-column-is-layout-flow\">\n<div class=\"wp-block-columns is-layout-flex wp-container-core-columns-is-layout-28f84493 wp-block-columns-is-layout-flex\">\n<div class=\"wp-block-column is-layout-flow wp-block-column-is-layout-flow\" style=\"flex-basis:100%\">\n<div class=\"wp-block-group is-vertical is-content-justification-center is-layout-flex wp-container-core-group-is-layout-f059a29e wp-block-group-is-layout-flex\" style=\"min-height:100%;margin-top:var(--wp--preset--spacing--60)\">\n<figure class=\"wp-block-image size-medium is-resized\"><img loading=\"lazy\" decoding=\"async\" width=\"300\" height=\"278\" src=\"https:\/\/sisupilates.com\/wp-content\/uploads\/2024\/02\/NPCP-badge-300x278.png\" alt=\"\" class=\"wp-image-100\" style=\"width:284px;height:auto\" srcset=\"https:\/\/sisupilates.com\/wp-content\/uploads\/2024\/02\/NPCP-badge-300x278.png 300w, https:\/\/sisupilates.com\/wp-content\/uploads\/2024\/02\/NPCP-badge.png 363w\" sizes=\"auto, (max-width: 300px) 100vw, 300px\" \/><\/figure>\n\n\n\n<div class=\"wp-block-group is-layout-constrained wp-block-group-is-layout-constrained\"><\/div>\n<\/div>\n<\/div>\n<\/div>\n\n\n\n<p><\/p>\n<\/div>\n<\/div>\n<\/section>\n\n\n\n<div class=\"wp-block-group alignfull is-layout-constrained wp-container-core-group-is-layout-ea702aab wp-block-group-is-layout-constrained\" style=\"margin-top:0px;margin-bottom:0px;padding-top:0px;padding-right:15px;padding-bottom:40px;padding-left:15px\">\n<div class=\"wp-block-columns is-layout-flex wp-container-core-columns-is-layout-f5991b6b wp-block-columns-is-layout-flex\" style=\"margin-top:0px;margin-bottom:0px;padding-top:0px;padding-right:0px;padding-bottom:0px;padding-left:0px\">\n<div class=\"wp-block-column is-layout-flow wp-container-core-column-is-layout-dd5ee366 wp-block-column-is-layout-flow\" style=\"padding-top:0px;padding-right:0px;padding-bottom:0px;padding-left:0px\">\n<h2 class=\"wp-block-heading has-text-align-center has-ast-global-color-0-color has-text-color has-link-color wp-elements-22bd880704b760fea66c506779ebb88a\" style=\"margin-top:0px;margin-right:0px;margin-bottom:15px;margin-left:0px;padding-top:0px;padding-right:0px;padding-bottom:0px;padding-left:0px;font-size:30px;font-style:normal;font-weight:600;text-transform:capitalize\">Lo que dicen nuestros clientes:<\/h2>\n<\/div>\n<\/div>\n<\/div>\n\n\n\n<div class=\"wp-block-group alignfull is-layout-constrained wp-container-core-group-is-layout-19dca832 wp-block-group-is-layout-constrained\" style=\"margin-top:0px;margin-bottom:0px;padding-top:0px;padding-right:15px;padding-bottom:0px;padding-left:15px\">\n<div class=\"wp-block-columns is-layout-flex wp-container-core-columns-is-layout-f5991b6b wp-block-columns-is-layout-flex\" style=\"margin-top:0px;margin-bottom:0px;padding-top:0px;padding-right:0px;padding-bottom:0px;padding-left:0px\">\n<div class=\"wp-block-column is-layout-flow wp-block-column-is-layout-flow\">\n<div class=\"wp-block-group is-layout-constrained wp-container-core-group-is-layout-7b97bc50 wp-block-group-is-layout-constrained\" style=\"border-width:1px;border-top-left-radius:0px;border-top-right-radius:100px;border-bottom-left-radius:100px;border-bottom-right-radius:0px;margin-top:0px;margin-bottom:0px;padding-top:70px;padding-right:30px;padding-bottom:30px;padding-left:30px\">\n<div class=\"wp-block-columns is-layout-flex wp-container-core-columns-is-layout-f5991b6b wp-block-columns-is-layout-flex\" style=\"border-style:none;border-width:0px;margin-top:0px;margin-bottom:0px;padding-top:0px;padding-right:0px;padding-bottom:0px;padding-left:0px\">\n<div class=\"wp-block-column is-layout-flow wp-container-core-column-is-layout-dd5ee366 wp-block-column-is-layout-flow\" style=\"padding-top:0px;padding-right:0px;padding-bottom:0px;padding-left:0px\">\n<h2 class=\"wp-block-heading has-text-align-center has-ast-global-color-0-color has-text-color\" style=\"margin-top:0px;margin-right:0px;margin-bottom:0px;margin-left:0px;font-size:120px;font-style:normal;font-weight:500;line-height:.1\">\u275e<\/h2>\n\n\n\n<p class=\"has-text-align-center has-black-color has-text-color\" style=\"margin-top:0px;margin-right:0px;margin-bottom:0px;margin-left:0px;padding-top:25px;padding-right:0px;padding-bottom:0px;padding-left:0px;font-size:16px;line-height:1.7\">Arja is an extraordinary Pilates instructor. She has a deep understanding of physical movement and can help with both strengthening and injury recovery. I came to Arja with a persistent hip and lower back problem which I had tried to address through a variety of techniques including physical therapy. These other methods only gave me short term relief because they did not actually address the underlying dynamic motion problems I had. Arja was able to quickly identify the problem areas. She then gave me specific exercises that very quickly alleviated the pain and injury. I very highly recommend Arja! <\/p>\n\n\n\n<h4 class=\"wp-block-heading has-text-align-center has-ast-global-color-0-color has-text-color\" style=\"margin-top:0px;margin-right:0px;margin-bottom:0px;margin-left:0px;padding-top:20px;padding-right:0px;padding-bottom:10px;padding-left:0px;font-size:24px;font-style:normal;font-weight:600;line-height:1.2;text-transform:capitalize\">Cheryl Q.<\/h4>\n\n\n\n<h6 class=\"wp-block-heading has-text-align-center has-text-color\" style=\"color:#939393;margin-top:0px;margin-right:0px;margin-bottom:0px;margin-left:0px;padding-top:0px;padding-right:0px;padding-bottom:0px;padding-left:0px;font-size:16px;font-style:normal;font-weight:400;line-height:1.5\">New York, NY<\/h6>\n<\/div>\n<\/div>\n<\/div>\n<\/div>\n\n\n\n<div class=\"wp-block-column is-layout-flow wp-block-column-is-layout-flow\">\n<div class=\"wp-block-group is-layout-constrained wp-container-core-group-is-layout-7b97bc50 wp-block-group-is-layout-constrained\" style=\"border-width:1px;border-top-left-radius:100px;border-top-right-radius:0px;border-bottom-left-radius:0px;border-bottom-right-radius:100px;margin-top:0px;margin-bottom:0px;padding-top:70px;padding-right:30px;padding-bottom:30px;padding-left:30px\">\n<div class=\"wp-block-columns is-layout-flex wp-container-core-columns-is-layout-f5991b6b wp-block-columns-is-layout-flex\" style=\"border-style:none;border-width:0px;margin-top:0px;margin-bottom:0px;padding-top:0px;padding-right:0px;padding-bottom:0px;padding-left:0px\">\n<div class=\"wp-block-column is-layout-flow wp-container-core-column-is-layout-dd5ee366 wp-block-column-is-layout-flow\" style=\"padding-top:0px;padding-right:0px;padding-bottom:0px;padding-left:0px\">\n<h2 class=\"wp-block-heading has-text-align-center has-ast-global-color-0-color has-text-color\" style=\"margin-top:0px;margin-right:0px;margin-bottom:0px;margin-left:0px;font-size:120px;font-style:normal;font-weight:500;line-height:0.1\">\u275e<\/h2>\n\n\n\n<p class=\"has-text-align-center has-black-color has-text-color\" style=\"margin-top:0px;margin-right:0px;margin-bottom:0px;margin-left:0px;padding-top:25px;padding-right:0px;padding-bottom:0px;padding-left:0px;font-size:16px;line-height:1.7\">Llegu\u00e9 a las clases con Arja, a ra\u00edz de atenderme en quiropraxia. Las clases con Arja cambiaron mi percepci\u00f3n de mi cuerpo, que pude conocer mucho mejor. Sus clases me devolvieron la vitalidad que necesitaba para desarrollarme en otros deportes, y fueron esenciales para recuperar mi fortaleza y masa muscular. Adem\u00e1s, la profesora es una excelente profesional, quien sabe exactamente las necesidades y potencial de uno. No tengo m\u00e1s que palabras de agradecimiento y recomiendo mucho estas clases. \u00a1Muchas gracias por todo, Arja!<\/p>\n\n\n\n<h4 class=\"wp-block-heading has-text-align-center has-ast-global-color-0-color has-text-color\" style=\"margin-top:0px;margin-right:0px;margin-bottom:0px;margin-left:0px;padding-top:20px;padding-right:0px;padding-bottom:10px;padding-left:0px;font-size:24px;font-style:normal;font-weight:600;line-height:1.2;text-transform:capitalize\">Marianne L.<\/h4>\n\n\n\n<h6 class=\"wp-block-heading has-text-align-center has-text-color\" style=\"color:#939393;margin-top:0px;margin-right:0px;margin-bottom:0px;margin-left:0px;padding-top:0px;padding-right:0px;padding-bottom:0px;padding-left:0px;font-size:16px;font-style:normal;font-weight:400;line-height:1.5\">Buenos Aires, CABA<\/h6>\n<\/div>\n<\/div>\n<\/div>\n<\/div>\n\n\n\n<div class=\"wp-block-column is-layout-flow wp-block-column-is-layout-flow\">\n<div class=\"wp-block-group is-layout-constrained wp-container-core-group-is-layout-7b97bc50 wp-block-group-is-layout-constrained\" style=\"border-width:1px;border-top-right-radius:100px;border-bottom-left-radius:100px;margin-top:0px;margin-bottom:0px;padding-top:70px;padding-right:30px;padding-bottom:30px;padding-left:30px\">\n<div class=\"wp-block-columns is-layout-flex wp-container-core-columns-is-layout-f5991b6b wp-block-columns-is-layout-flex\" style=\"border-style:none;border-width:0px;margin-top:0px;margin-bottom:0px;padding-top:0px;padding-right:0px;padding-bottom:0px;padding-left:0px\">\n<div class=\"wp-block-column is-layout-flow wp-container-core-column-is-layout-dd5ee366 wp-block-column-is-layout-flow\" style=\"padding-top:0px;padding-right:0px;padding-bottom:0px;padding-left:0px\">\n<h2 class=\"wp-block-heading has-text-align-center has-ast-global-color-0-color has-text-color has-link-color wp-elements-f37133fdd15a510061b1484f9c6b4b58\" style=\"margin-top:0px;margin-right:0px;margin-bottom:0px;margin-left:0px;font-size:120px;font-style:normal;font-weight:500;line-height:0.1\">\u275e<\/h2>\n\n\n\n<p class=\"has-text-align-center has-black-color has-text-color\" style=\"margin-top:0px;margin-right:0px;margin-bottom:0px;margin-left:0px;padding-top:25px;padding-right:0px;padding-bottom:0px;padding-left:0px;font-size:16px;line-height:1.7\">Excelente experiencia! Fui a clases dos a\u00f1os hasta que me mude de ciudad. Lo recomiendo completamente, las clases de Pilates me ayudaron a fortalecer la espalda y los abdominales, mi postura mejor\u00f3 much\u00edsimo (entre varios beneficios)! La profe es excelente persona y con mucho conocimiento, se aprovecha al 100%. Las clases fueron muy din\u00e1micas y muy bien dirigidas al nivel de exigencia que tuve en cada etapa del aprendizaje. Mi recomendaci\u00f3n absoluta! Cuando vuelva a la cuidad voy a ir a alguna clase!<\/p>\n\n\n\n<h4 class=\"wp-block-heading has-text-align-center has-ast-global-color-0-color has-text-color\" style=\"margin-top:0px;margin-right:0px;margin-bottom:0px;margin-left:0px;padding-top:20px;padding-right:0px;padding-bottom:10px;padding-left:0px;font-size:24px;font-style:normal;font-weight:600;line-height:1.2;text-transform:capitalize\">Gonzalo M.<\/h4>\n\n\n\n<h6 class=\"wp-block-heading has-text-align-center has-text-color\" style=\"color:#939393;margin-top:0px;margin-right:0px;margin-bottom:0px;margin-left:0px;padding-top:0px;padding-right:0px;padding-bottom:0px;padding-left:0px;font-size:16px;font-style:normal;font-weight:400;line-height:1.5\">Buenos Aires, CABA<\/h6>\n<\/div>\n<\/div>\n<\/div>\n<\/div>\n<\/div>\n<\/div>\n\n\n\n<div class=\"wp-block-group is-layout-constrained wp-container-core-group-is-layout-cc4778e4 wp-block-group-is-layout-constrained\" style=\"margin-top:0px;margin-bottom:0px;padding-top:60px;padding-right:0px;padding-bottom:0px;padding-left:0px\">\n<div class=\"wp-block-buttons is-content-justification-center is-layout-flex wp-container-core-buttons-is-layout-ac2c6985 wp-block-buttons-is-layout-flex\" style=\"margin-top:0px;margin-bottom:0px\"><\/div>\n<\/div>\n","protected":false},"excerpt":{"rendered":"<p>QUI\u00c9NES SOMOS Ubicaci\u00f3n El estudio est\u00e1 ubicado en el centro de Buenos Aires, en Juan D. Per\u00f3n y Montevideo, con [&hellip;]<\/p>\n","protected":false},"author":1,"featured_media":0,"parent":0,"menu_order":0,"comment_status":"closed","ping_status":"closed","template":"","meta":{"site-sidebar-layout":"default","site-content-layout":"","ast-site-content-layout":"default","site-content-style":"default","site-sidebar-style":"default","ast-global-header-display":"","ast-banner-title-visibility":"","ast-main-header-display":"","ast-hfb-above-header-display":"","ast-hfb-below-header-display":"","ast-hfb-mobile-header-display":"","site-post-title":"disabled","ast-breadcrumbs-content":"","ast-featured-img":"","footer-sml-layout":"","ast-disable-related-posts":"","theme-transparent-header-meta":"","adv-header-id-meta":"","stick-header-meta":"","header-above-stick-meta":"","header-main-stick-meta":"","header-below-stick-meta":"","astra-migrate-meta-layouts":"default","ast-page-background-enabled":"default","ast-page-background-meta":{"desktop":{"background-color":"var(--ast-global-color-4)","background-image":"","background-repeat":"repeat","background-position":"center center","background-size":"auto","background-attachment":"scroll","background-type":"","background-media":"","overlay-type":"","overlay-color":"","overlay-opacity":"","overlay-gradient":""},"tablet":{"background-color":"","background-image":"","background-repeat":"repeat","background-position":"center center","background-size":"auto","background-attachment":"scroll","background-type":"","background-media":"","overlay-type":"","overlay-color":"","overlay-opacity":"","overlay-gradient":""},"mobile":{"background-color":"","background-image":"","background-repeat":"repeat","background-position":"center center","background-size":"auto","background-attachment":"scroll","background-type":"","background-media":"","overlay-type":"","overlay-color":"","overlay-opacity":"","overlay-gradient":""}},"ast-content-background-meta":{"desktop":{"background-color":"var(--ast-global-color-5)","background-image":"","background-repeat":"repeat","background-position":"center center","background-size":"auto","background-attachment":"scroll","background-type":"","background-media":"","overlay-type":"","overlay-color":"","overlay-opacity":"","overlay-gradient":""},"tablet":{"background-color":"var(--ast-global-color-5)","background-image":"","background-repeat":"repeat","background-position":"center center","background-size":"auto","background-attachment":"scroll","background-type":"","background-media":"","overlay-type":"","overlay-color":"","overlay-opacity":"","overlay-gradient":""},"mobile":{"background-color":"var(--ast-global-color-5)","background-image":"","background-repeat":"repeat","background-position":"center center","background-size":"auto","background-attachment":"scroll","background-type":"","background-media":"","overlay-type":"","overlay-color":"","overlay-opacity":"","overlay-gradient":""}},"footnotes":""},"class_list":["post-279","page","type-page","status-publish","hentry"],"_links":{"self":[{"href":"https:\/\/sisupilates.com\/es\/wp-json\/wp\/v2\/pages\/279","targetHints":{"allow":["GET"]}}],"collection":[{"href":"https:\/\/sisupilates.com\/es\/wp-json\/wp\/v2\/pages"}],"about":[{"href":"https:\/\/sisupilates.com\/es\/wp-json\/wp\/v2\/types\/page"}],"author":[{"embeddable":true,"href":"https:\/\/sisupilates.com\/es\/wp-json\/wp\/v2\/users\/1"}],"replies":[{"embeddable":true,"href":"https:\/\/sisupilates.com\/es\/wp-json\/wp\/v2\/comments?post=279"}],"version-history":[{"count":5,"href":"https:\/\/sisupilates.com\/es\/wp-json\/wp\/v2\/pages\/279\/revisions"}],"predecessor-version":[{"id":671,"href":"https:\/\/sisupilates.com\/es\/wp-json\/wp\/v2\/pages\/279\/revisions\/671"}],"wp:attachment":[{"href":"https:\/\/sisupilates.com\/es\/wp-json\/wp\/v2\/media?parent=279"}],"curies":[{"name":"wp","href":"https:\/\/api.w.org\/{rel}","templated":true}]}}