{"id":298,"date":"2024-02-15T23:42:44","date_gmt":"2024-02-15T23:42:44","guid":{"rendered":"https:\/\/sisupilates.com\/?page_id=298"},"modified":"2024-02-28T19:04:17","modified_gmt":"2024-02-28T19:04:17","slug":"pilates","status":"publish","type":"page","link":"https:\/\/sisupilates.com\/es\/pilates\/","title":{"rendered":"PILATES"},"content":{"rendered":"\n<section class=\"wp-block-group alignfull has-text-color is-layout-constrained wp-container-core-group-is-layout-4252d6ba wp-block-group-is-layout-constrained\" style=\"color:#03081e;margin-top:0px;padding-top:6.51rem;padding-right:1rem;padding-bottom:5.5rem;padding-left:1rem;font-size:1.13rem;font-style:normal;font-weight:400;line-height:1.4\">\n<h2 class=\"wp-block-heading has-text-align-center has-ast-global-color-0-color has-text-color has-link-color has-large-font-size wp-elements-cc3a707040ee32f4fcd79f50c5231201\">PILATES<\/h2>\n\n\n\n<div class=\"wp-block-cover alignfull\" style=\"margin-top:0px;margin-bottom:0px;padding-top:150px\"><span aria-hidden=\"true\" class=\"wp-block-cover__background has-ast-global-color-4-background-color has-background-dim-100 has-background-dim\"><\/span><div class=\"wp-block-cover__inner-container is-layout-constrained wp-block-cover-is-layout-constrained\">\n<div class=\"wp-block-group alignfull has-ast-global-color-4-background-color has-background is-layout-constrained wp-container-core-group-is-layout-dda65990 wp-block-group-is-layout-constrained\" style=\"padding-top:20px;padding-bottom:40px\">\n<div class=\"wp-block-columns is-layout-flex wp-container-core-columns-is-layout-9cf8123d wp-block-columns-is-layout-flex\">\n<div class=\"wp-block-column has-ast-global-color-4-background-color has-background is-layout-flow wp-block-column-is-layout-flow\">\n<figure class=\"wp-block-image size-full is-resized\"><img loading=\"lazy\" decoding=\"async\" width=\"1400\" height=\"1636\" src=\"https:\/\/sisupilates.com\/wp-content\/uploads\/2024\/02\/IMG_1558-rotated-e1708119550859.jpg\" alt=\"\" class=\"wp-image-97\" style=\"object-fit:cover;width:528px;height:528px\" srcset=\"https:\/\/sisupilates.com\/wp-content\/uploads\/2024\/02\/IMG_1558-rotated-e1708119550859.jpg 1400w, https:\/\/sisupilates.com\/wp-content\/uploads\/2024\/02\/IMG_1558-rotated-e1708119550859-257x300.jpg 257w, https:\/\/sisupilates.com\/wp-content\/uploads\/2024\/02\/IMG_1558-rotated-e1708119550859-876x1024.jpg 876w, https:\/\/sisupilates.com\/wp-content\/uploads\/2024\/02\/IMG_1558-rotated-e1708119550859-768x897.jpg 768w, https:\/\/sisupilates.com\/wp-content\/uploads\/2024\/02\/IMG_1558-rotated-e1708119550859-1314x1536.jpg 1314w\" sizes=\"auto, (max-width: 1400px) 100vw, 1400px\" \/><\/figure>\n<\/div>\n\n\n\n<div class=\"wp-block-column is-vertically-aligned-center is-layout-flow wp-block-column-is-layout-flow\">\n<div class=\"wp-block-group is-nowrap is-layout-flex wp-container-core-group-is-layout-68ffde97 wp-block-group-is-layout-flex\" style=\"margin-top:0.31rem\">\n<div class=\"wp-block-columns is-layout-flex wp-container-core-columns-is-layout-28f84493 wp-block-columns-is-layout-flex\">\n<div class=\"wp-block-column is-layout-flow wp-block-column-is-layout-flow\"><\/div>\n<\/div>\n<\/div>\n\n\n\n<p><\/p>\n\n\n\n<p class=\"has-ast-global-color-0-color has-text-color has-link-color has-medium-font-size wp-elements-f6c7e35c4bf903babcbca4e3d6dfd2dc\" style=\"margin-right:var(--wp--preset--spacing--40)\"> LAS SESIONES DE PILATES:<\/p>\n\n\n\n<p class=\"has-ast-global-color-2-color has-text-color has-link-color wp-elements-29b16dff027626ae6993e08056002806\">Ofrecemos clases particulares y duetos de Pilates, tanto en equipos como sobre colchoneta.<\/p>\n\n\n\n<p class=\"has-ast-global-color-2-color has-text-color has-link-color wp-elements-15aa8a9c96f49f4c3898ffd0b4fbde5e\">Las sesiones individuales son una forma valiosa de conocer en profundidad el modo en que se mueve tu cuerpo y los movimientos que no le gustan. A medida que sepamos m\u00e1s sobre sus patrones de movimiento, podremos descubrir los mejores ejercicios para desafiarlo y obtener resultados reales para vos.<\/p>\n\n\n\n<p class=\"has-ast-global-color-1-color has-text-color has-link-color has-medium-font-size wp-elements-20c15907024313ef2f5856ce3efb04e6\">ACERCA DE PILATES:<\/p>\n\n\n\n<p class=\"has-ast-global-color-2-color has-text-color has-link-color wp-elements-fca8e2938ddcfced8fb297f7e634cdb0\" style=\"margin-right:var(--wp--preset--spacing--40)\"> Pilates es un m\u00e9todo de acondicionamiento, un sistema de ejercicios desarrollado por Joseph Pilates hace casi un siglo utilizando aparatos especiales, dise\u00f1ados para mejorar la fuerza, la flexibilidad y la postura, y mejorar la conexi\u00f3n mente\/cuerpo. Se focaliza en los m\u00fasculos centrales del cuerpo, pero es un entrenamiento de todo el cuerpo que evita el esfuerzo innecesario.<\/p>\n\n\n\n<p class=\"has-ast-global-color-2-color has-text-color has-link-color wp-elements-93761b356e53c6afbe79ce891c464963\">Pilates fortalece el cuerpo, mejorando la elasticidad muscular y la movilidad articular. Un cuerpo con fuerza y \u200b\u200bflexibilidad equilibradas tiene menos probabilidades de sufrir lesiones.<\/p>\n\n\n\n<p class=\"has-ast-global-color-2-color has-text-color has-link-color wp-elements-74d8051646d26150f4c2d6a7fb6c6a57\">Pilates mejora la fuerza, la postura, la flexibilidad y la alineaci\u00f3n. Si sos constante en tu pr\u00e1ctica de Pilates ver\u00e1s cumplirse la cita de Joseph Pilates: <strong>\u201cEn 10 sesiones sentir\u00e1s la diferencia, en 20 sesiones ver\u00e1s la diferencia, en 30 sesiones tendr\u00e1s un cuerpo nuevo\u201d.<\/strong><\/p>\n\n\n\n<p class=\"has-ast-global-color-2-color has-text-color has-link-color wp-elements-47431e9aa9e0f4432c5de6142fe6ce18\" style=\"margin-right:var(--wp--preset--spacing--40)\"> <\/p>\n<\/div>\n<\/div>\n\n\n\n<div class=\"wp-block-columns is-layout-flex wp-container-core-columns-is-layout-24d2e070 wp-block-columns-is-layout-flex\" style=\"margin-top:2rem\">\n<div class=\"wp-block-column is-layout-flow wp-block-column-is-layout-flow\" style=\"flex-basis:25%\"><\/div>\n\n\n\n<div class=\"wp-block-column is-vertically-aligned-center is-layout-flow wp-block-column-is-layout-flow\" style=\"flex-basis:25%\">\n<div class=\"wp-block-buttons is-horizontal is-content-justification-right is-layout-flex wp-container-core-buttons-is-layout-e8994bc8 wp-block-buttons-is-layout-flex\" style=\"margin-top:0rem\"><\/div>\n<\/div>\n<\/div>\n<\/div>\n<\/div><\/div>\n<\/section>\n","protected":false},"excerpt":{"rendered":"<p>PILATES<\/p>\n","protected":false},"author":1,"featured_media":0,"parent":0,"menu_order":0,"comment_status":"closed","ping_status":"closed","template":"","meta":{"site-sidebar-layout":"default","site-content-layout":"","ast-site-content-layout":"default","site-content-style":"default","site-sidebar-style":"default","ast-global-header-display":"","ast-banner-title-visibility":"","ast-main-header-display":"","ast-hfb-above-header-display":"","ast-hfb-below-header-display":"","ast-hfb-mobile-header-display":"","site-post-title":"disabled","ast-breadcrumbs-content":"","ast-featured-img":"","footer-sml-layout":"","ast-disable-related-posts":"","theme-transparent-header-meta":"","adv-header-id-meta":"","stick-header-meta":"","header-above-stick-meta":"","header-main-stick-meta":"","header-below-stick-meta":"","astra-migrate-meta-layouts":"default","ast-page-background-enabled":"default","ast-page-background-meta":{"desktop":{"background-color":"var(--ast-global-color-4)","background-image":"","background-repeat":"repeat","background-position":"center center","background-size":"auto","background-attachment":"scroll","background-type":"","background-media":"","overlay-type":"","overlay-color":"","overlay-opacity":"","overlay-gradient":""},"tablet":{"background-color":"","background-image":"","background-repeat":"repeat","background-position":"center center","background-size":"auto","background-attachment":"scroll","background-type":"","background-media":"","overlay-type":"","overlay-color":"","overlay-opacity":"","overlay-gradient":""},"mobile":{"background-color":"","background-image":"","background-repeat":"repeat","background-position":"center center","background-size":"auto","background-attachment":"scroll","background-type":"","background-media":"","overlay-type":"","overlay-color":"","overlay-opacity":"","overlay-gradient":""}},"ast-content-background-meta":{"desktop":{"background-color":"var(--ast-global-color-5)","background-image":"","background-repeat":"repeat","background-position":"center center","background-size":"auto","background-attachment":"scroll","background-type":"","background-media":"","overlay-type":"","overlay-color":"","overlay-opacity":"","overlay-gradient":""},"tablet":{"background-color":"var(--ast-global-color-5)","background-image":"","background-repeat":"repeat","background-position":"center center","background-size":"auto","background-attachment":"scroll","background-type":"","background-media":"","overlay-type":"","overlay-color":"","overlay-opacity":"","overlay-gradient":""},"mobile":{"background-color":"var(--ast-global-color-5)","background-image":"","background-repeat":"repeat","background-position":"center center","background-size":"auto","background-attachment":"scroll","background-type":"","background-media":"","overlay-type":"","overlay-color":"","overlay-opacity":"","overlay-gradient":""}},"footnotes":""},"class_list":["post-298","page","type-page","status-publish","hentry"],"_links":{"self":[{"href":"https:\/\/sisupilates.com\/es\/wp-json\/wp\/v2\/pages\/298","targetHints":{"allow":["GET"]}}],"collection":[{"href":"https:\/\/sisupilates.com\/es\/wp-json\/wp\/v2\/pages"}],"about":[{"href":"https:\/\/sisupilates.com\/es\/wp-json\/wp\/v2\/types\/page"}],"author":[{"embeddable":true,"href":"https:\/\/sisupilates.com\/es\/wp-json\/wp\/v2\/users\/1"}],"replies":[{"embeddable":true,"href":"https:\/\/sisupilates.com\/es\/wp-json\/wp\/v2\/comments?post=298"}],"version-history":[{"count":2,"href":"https:\/\/sisupilates.com\/es\/wp-json\/wp\/v2\/pages\/298\/revisions"}],"predecessor-version":[{"id":300,"href":"https:\/\/sisupilates.com\/es\/wp-json\/wp\/v2\/pages\/298\/revisions\/300"}],"wp:attachment":[{"href":"https:\/\/sisupilates.com\/es\/wp-json\/wp\/v2\/media?parent=298"}],"curies":[{"name":"wp","href":"https:\/\/api.w.org\/{rel}","templated":true}]}}