{"id":302,"date":"2024-02-15T23:45:18","date_gmt":"2024-02-15T23:45:18","guid":{"rendered":"https:\/\/sisupilates.com\/?page_id=302"},"modified":"2024-02-28T19:18:33","modified_gmt":"2024-02-28T19:18:33","slug":"yoga","status":"publish","type":"page","link":"https:\/\/sisupilates.com\/es\/yoga\/","title":{"rendered":"YOGA"},"content":{"rendered":"\n<p class=\"has-text-align-center has-ast-global-color-0-color has-text-color has-link-color has-large-font-size wp-elements-b8c507c56e7bd5ae007989539fb9f6b8\" style=\"margin-top:var(--wp--preset--spacing--50)\">                                                         <strong>YOGA<\/strong><\/p>\n\n\n\n<div class=\"wp-block-cover alignfull\" style=\"margin-top:0px;margin-bottom:0px;padding-top:0px;padding-right:0px;padding-bottom:0px;padding-left:0px\"><span aria-hidden=\"true\" class=\"wp-block-cover__background has-ast-global-color-4-background-color has-background-dim-100 has-background-dim\"><\/span><div class=\"wp-block-cover__inner-container is-layout-constrained wp-container-core-cover-is-layout-9841ed3d wp-block-cover-is-layout-constrained\">\n<div class=\"wp-block-group alignfull has-ast-global-color-4-background-color has-background is-layout-constrained wp-container-core-group-is-layout-8900918a wp-block-group-is-layout-constrained\" style=\"padding-top:100px;padding-bottom:40px\">\n<div class=\"wp-block-columns is-layout-flex wp-container-core-columns-is-layout-9cf8123d wp-block-columns-is-layout-flex\">\n<div class=\"wp-block-column is-layout-flow wp-block-column-is-layout-flow\">\n<figure class=\"wp-block-image size-full\"><img loading=\"lazy\" decoding=\"async\" width=\"1280\" height=\"855\" src=\"https:\/\/sisupilates.com\/wp-content\/uploads\/2024\/02\/yoga-1146277_1280.jpg\" alt=\"\" class=\"wp-image-101\" style=\"aspect-ratio:4\/3;object-fit:cover\" srcset=\"https:\/\/sisupilates.com\/wp-content\/uploads\/2024\/02\/yoga-1146277_1280.jpg 1280w, https:\/\/sisupilates.com\/wp-content\/uploads\/2024\/02\/yoga-1146277_1280-300x200.jpg 300w, https:\/\/sisupilates.com\/wp-content\/uploads\/2024\/02\/yoga-1146277_1280-1024x684.jpg 1024w, https:\/\/sisupilates.com\/wp-content\/uploads\/2024\/02\/yoga-1146277_1280-768x513.jpg 768w\" sizes=\"auto, (max-width: 1280px) 100vw, 1280px\" \/><\/figure>\n<\/div>\n\n\n\n<div class=\"wp-block-column is-vertically-aligned-center has-ast-global-color-2-color has-text-color has-link-color wp-elements-3e72a33ca96008f83497612ba005be64 is-layout-flow wp-block-column-is-layout-flow\">\n<p class=\"has-text-align-left has-ast-global-color-1-color has-text-color has-link-color has-medium-font-size wp-elements-32889c532ee84021e1b047cb29bbb524\">CLASES PARTICULARES DE YOGA EN EL ESTUDIO U ONLINE:<\/p>\n\n\n\n<p class=\"has-ast-global-color-2-color has-text-color has-link-color wp-elements-954cdb97acd5024fa01c390531ee0d97\"> Originalmente, el yoga se ense\u00f1aba de forma individual. Aunque las clases grupales son populares hoy en d\u00eda y muchos las adoran, no se adaptan a todos. Con sesiones personalizadas, podemos adaptar las t\u00e9cnicas de yoga para satisfacer tus necesidades exactas.<\/p>\n\n\n\n<p class=\"has-ast-global-color-0-color has-text-color has-link-color has-medium-font-size wp-elements-caca60b91278064ff141a843f0a19165\">BENEFICIOS DEL YOGA:<\/p>\n\n\n\n<ul class=\"has-ast-global-color-2-color has-text-color has-link-color wp-block-list wp-elements-0e07f252adc8595dbd681cd8ba980de7\">\n<li>Mejora la fuerza, el equilibrio y la flexibilidad.<\/li>\n<\/ul>\n\n\n\n<ul class=\"wp-block-list\">\n<li>Ayuda a aliviar el dolor de espalda.<\/li>\n<\/ul>\n\n\n\n<ul class=\"wp-block-list\">\n<li>Puede aliviar los s\u00edntomas de la artritis.<\/li>\n<\/ul>\n\n\n\n<ul class=\"wp-block-list\">\n<li>Beneficia la salud del coraz\u00f3n.<\/li>\n<\/ul>\n\n\n\n<ul class=\"wp-block-list\">\n<li>Te relaja, para ayudarte a dormir mejor.<\/li>\n<\/ul>\n\n\n\n<ul class=\"wp-block-list\">\n<li>Te ayuda a gestionar el estr\u00e9s.<\/li>\n<\/ul>\n\n\n\n<ul class=\"wp-block-list\">\n<li>Promueve el autocuidado.<\/li>\n<\/ul>\n<\/div>\n<\/div>\n<\/div>\n<\/div><\/div>\n\n\n\n<p><\/p>\n","protected":false},"excerpt":{"rendered":"<p>YOGA<\/p>\n","protected":false},"author":1,"featured_media":0,"parent":0,"menu_order":0,"comment_status":"closed","ping_status":"closed","template":"","meta":{"site-sidebar-layout":"default","site-content-layout":"","ast-site-content-layout":"default","site-content-style":"default","site-sidebar-style":"default","ast-global-header-display":"","ast-banner-title-visibility":"","ast-main-header-display":"","ast-hfb-above-header-display":"","ast-hfb-below-header-display":"","ast-hfb-mobile-header-display":"","site-post-title":"disabled","ast-breadcrumbs-content":"","ast-featured-img":"","footer-sml-layout":"","ast-disable-related-posts":"","theme-transparent-header-meta":"","adv-header-id-meta":"","stick-header-meta":"","header-above-stick-meta":"","header-main-stick-meta":"","header-below-stick-meta":"","astra-migrate-meta-layouts":"default","ast-page-background-enabled":"default","ast-page-background-meta":{"desktop":{"background-color":"var(--ast-global-color-4)","background-image":"","background-repeat":"repeat","background-position":"center center","background-size":"auto","background-attachment":"scroll","background-type":"","background-media":"","overlay-type":"","overlay-color":"","overlay-opacity":"","overlay-gradient":""},"tablet":{"background-color":"","background-image":"","background-repeat":"repeat","background-position":"center center","background-size":"auto","background-attachment":"scroll","background-type":"","background-media":"","overlay-type":"","overlay-color":"","overlay-opacity":"","overlay-gradient":""},"mobile":{"background-color":"","background-image":"","background-repeat":"repeat","background-position":"center center","background-size":"auto","background-attachment":"scroll","background-type":"","background-media":"","overlay-type":"","overlay-color":"","overlay-opacity":"","overlay-gradient":""}},"ast-content-background-meta":{"desktop":{"background-color":"var(--ast-global-color-5)","background-image":"","background-repeat":"repeat","background-position":"center center","background-size":"auto","background-attachment":"scroll","background-type":"","background-media":"","overlay-type":"","overlay-color":"","overlay-opacity":"","overlay-gradient":""},"tablet":{"background-color":"var(--ast-global-color-5)","background-image":"","background-repeat":"repeat","background-position":"center center","background-size":"auto","background-attachment":"scroll","background-type":"","background-media":"","overlay-type":"","overlay-color":"","overlay-opacity":"","overlay-gradient":""},"mobile":{"background-color":"var(--ast-global-color-5)","background-image":"","background-repeat":"repeat","background-position":"center center","background-size":"auto","background-attachment":"scroll","background-type":"","background-media":"","overlay-type":"","overlay-color":"","overlay-opacity":"","overlay-gradient":""}},"footnotes":""},"class_list":["post-302","page","type-page","status-publish","hentry"],"_links":{"self":[{"href":"https:\/\/sisupilates.com\/es\/wp-json\/wp\/v2\/pages\/302","targetHints":{"allow":["GET"]}}],"collection":[{"href":"https:\/\/sisupilates.com\/es\/wp-json\/wp\/v2\/pages"}],"about":[{"href":"https:\/\/sisupilates.com\/es\/wp-json\/wp\/v2\/types\/page"}],"author":[{"embeddable":true,"href":"https:\/\/sisupilates.com\/es\/wp-json\/wp\/v2\/users\/1"}],"replies":[{"embeddable":true,"href":"https:\/\/sisupilates.com\/es\/wp-json\/wp\/v2\/comments?post=302"}],"version-history":[{"count":3,"href":"https:\/\/sisupilates.com\/es\/wp-json\/wp\/v2\/pages\/302\/revisions"}],"predecessor-version":[{"id":305,"href":"https:\/\/sisupilates.com\/es\/wp-json\/wp\/v2\/pages\/302\/revisions\/305"}],"wp:attachment":[{"href":"https:\/\/sisupilates.com\/es\/wp-json\/wp\/v2\/media?parent=302"}],"curies":[{"name":"wp","href":"https:\/\/api.w.org\/{rel}","templated":true}]}}