{"id":310,"date":"2024-02-15T23:47:07","date_gmt":"2024-02-15T23:47:07","guid":{"rendered":"https:\/\/sisupilates.com\/?page_id=310"},"modified":"2026-03-28T17:26:39","modified_gmt":"2026-03-28T17:26:39","slug":"pricing","status":"publish","type":"page","link":"https:\/\/sisupilates.com\/es\/pricing\/","title":{"rendered":"PRECIOS"},"content":{"rendered":"\n<h2 class=\"wp-block-heading has-text-align-center has-ast-global-color-1-color has-text-color has-link-color has-large-font-size wp-elements-1aebd5867c3f9c8db5db6f83aa629e84\" style=\"margin-bottom:var(--wp--preset--spacing--60)\">PRECIOS<\/h2>\n\n\n\n<h2 class=\"wp-block-heading has-text-align-center has-medium-font-size\">CLASES PRIVADAS<\/h2>\n\n\n\n<p><\/p>\n\n\n\n<div class=\"wp-block-columns alignwide are-vertically-aligned-top is-layout-flex wp-container-core-columns-is-layout-f644e4f9 wp-block-columns-is-layout-flex\">\n<div class=\"wp-block-column is-layout-flow wp-block-column-is-layout-flow\">\n<div class=\"wp-block-columns alignwide are-vertically-aligned-top is-layout-flex wp-container-core-columns-is-layout-f644e4f9 wp-block-columns-is-layout-flex\">\n<div class=\"wp-block-column is-vertically-aligned-top has-border-color has-ast-global-color-1-border-color has-ast-global-color-4-background-color has-background is-layout-flow wp-block-column-is-layout-flow\" style=\"border-width:5px;padding-top:30px;padding-right:30px;padding-bottom:30px;padding-left:30px\">\n<h3 class=\"wp-block-heading has-ast-global-color-1-color has-text-color has-link-color has-medium-font-size wp-elements-355565dbbce9af090b81eb5ee6cd2b9f\">1 CLASE PRIVADA<\/h3>\n\n\n\n<h2 class=\"wp-block-heading has-ast-global-color-1-color has-text-color has-link-color has-medium-font-size wp-elements-b8d5176a24f651aebc9643d74be4b732\" style=\"font-style:normal;font-weight:700\">$33.000<\/h2>\n\n\n\n<ul style=\"font-size:15px\" class=\"wp-block-list\">\n<li>50 min<\/li>\n\n\n\n<li>validez: 30 d\u00edas<\/li>\n\n\n\n<li>no reembolsable, no transferible<\/li>\n<\/ul>\n\n\n\n<div class=\"wp-block-buttons is-layout-flex wp-block-buttons-is-layout-flex\"><\/div>\n<\/div>\n\n\n\n<div class=\"wp-block-column is-vertically-aligned-top has-border-color has-ast-global-color-1-border-color has-ast-global-color-4-background-color has-background is-layout-flow wp-block-column-is-layout-flow\" style=\"border-width:5px;padding-top:30px;padding-right:30px;padding-bottom:30px;padding-left:30px\">\n<h3 class=\"wp-block-heading has-ast-global-color-1-color has-text-color has-link-color has-medium-font-size wp-elements-dbfe610160c52c7a9a4e8b49d112c4a7\">4 CLASES PRIVADAS<\/h3>\n\n\n\n<h3 class=\"wp-block-heading has-ast-global-color-1-color has-text-color has-link-color has-medium-font-size wp-elements-30e34d720dd32d3a8ec69d114ef12ed1\">$115.000<\/h3>\n\n\n\n<ul style=\"font-size:15px\" class=\"wp-block-list\">\n<li>sesiones de 50 min<\/li>\n\n\n\n<li>validez: 3 meses<\/li>\n\n\n\n<li>no reembolsable, no transferible<\/li>\n<\/ul>\n\n\n\n<div class=\"wp-block-buttons is-layout-flex wp-block-buttons-is-layout-flex\"><\/div>\n<\/div>\n\n\n\n<div class=\"wp-block-column is-vertically-aligned-top has-border-color has-ast-global-color-1-border-color has-ast-global-color-4-background-color has-background is-layout-flow wp-block-column-is-layout-flow\" style=\"border-width:5px;padding-top:30px;padding-right:30px;padding-bottom:30px;padding-left:30px\">\n<h3 class=\"wp-block-heading has-ast-global-color-1-color has-text-color has-link-color has-medium-font-size wp-elements-b37e878408c84eeb6ed9c67273a46034\">10 CLASES PRIVADAS<\/h3>\n\n\n\n<h2 class=\"wp-block-heading has-ast-global-color-1-color has-text-color has-link-color has-medium-font-size wp-elements-d922bcae98b621ebd33d495a1d780446\" style=\"font-style:normal;font-weight:700\"><strong>$<\/strong>250.000<\/h2>\n\n\n\n<ul style=\"font-size:15px\" class=\"wp-block-list\">\n<li>sesiones de 50 min<\/li>\n\n\n\n<li>validez: 3 meses<\/li>\n\n\n\n<li>no reembolsable, no transferible<\/li>\n<\/ul>\n<\/div>\n<\/div>\n<\/div>\n<\/div>\n\n\n\n<h2 class=\"wp-block-heading has-text-align-center has-medium-font-size\">DUETOS\/CLASES SEMIPRIVADAS<\/h2>\n\n\n\n<p class=\"has-text-align-center\"><strong>PRECIOS POR PERSONA<\/strong><\/p>\n\n\n\n<div class=\"wp-block-columns alignwide are-vertically-aligned-top is-layout-flex wp-container-core-columns-is-layout-f644e4f9 wp-block-columns-is-layout-flex\">\n<div class=\"wp-block-column is-vertically-aligned-top has-border-color has-ast-global-color-1-border-color has-ast-global-color-4-background-color has-background is-layout-flow wp-block-column-is-layout-flow\" style=\"border-width:5px;padding-top:30px;padding-right:30px;padding-bottom:30px;padding-left:30px\">\n<h3 class=\"wp-block-heading has-ast-global-color-1-color has-text-color has-link-color has-medium-font-size wp-elements-528d38b2179e36ac700a496093096368\">1 CLASE\/SEMANA<\/h3>\n\n\n\n<h2 class=\"wp-block-heading has-ast-global-color-1-color has-text-color has-link-color has-medium-font-size wp-elements-6bea2c9ca7e49194ff0fe92cec88bef4\" style=\"font-style:normal;font-weight:700\">$77.000\/MES<\/h2>\n\n\n\n<ul style=\"font-size:15px\" class=\"wp-block-list\">\n<li>sesiones de 50 min<\/li>\n\n\n\n<li>validez: mes calendario<\/li>\n\n\n\n<li>no reembolsable, no transferible<\/li>\n\n\n\n<li>clase suelta <strong>$22.000<\/strong><\/li>\n<\/ul>\n\n\n\n<div class=\"wp-block-buttons is-layout-flex wp-block-buttons-is-layout-flex\"><\/div>\n<\/div>\n\n\n\n<div class=\"wp-block-column is-vertically-aligned-top has-border-color has-ast-global-color-1-border-color has-ast-global-color-4-background-color has-background is-layout-flow wp-block-column-is-layout-flow\" style=\"border-width:5px;padding-top:30px;padding-right:30px;padding-bottom:30px;padding-left:30px\">\n<h3 class=\"wp-block-heading has-ast-global-color-1-color has-text-color has-link-color has-medium-font-size wp-elements-57d85f2d4f681412ec061c3740737b52\">2 CLASES\/SEMANA<\/h3>\n\n\n\n<h2 class=\"wp-block-heading has-ast-global-color-1-color has-text-color has-link-color has-medium-font-size wp-elements-9b7909626809937d4d27abf9c582d33d\" style=\"font-style:normal;font-weight:700\">$136.000\/MES<\/h2>\n\n\n\n<ul style=\"font-size:15px\" class=\"wp-block-list\">\n<li>sesiones de 50 min<\/li>\n\n\n\n<li>validez:  mes calendario <\/li>\n\n\n\n<li>no reembolsable, no transferible<\/li>\n<\/ul>\n\n\n\n<div class=\"wp-block-buttons is-layout-flex wp-block-buttons-is-layout-flex\"><\/div>\n<\/div>\n\n\n\n<div class=\"wp-block-column is-vertically-aligned-top has-border-color has-ast-global-color-1-border-color has-ast-global-color-4-background-color has-background is-layout-flow wp-block-column-is-layout-flow\" style=\"border-width:5px;padding-top:30px;padding-right:30px;padding-bottom:30px;padding-left:30px\">\n<h3 class=\"wp-block-heading has-ast-global-color-1-color has-text-color has-link-color has-medium-font-size wp-elements-a7481451a2baea1a8d13801a88bc1f0b\">3 CLASES\/SEMANA<\/h3>\n\n\n\n<h2 class=\"wp-block-heading has-ast-global-color-1-color has-text-color has-link-color has-medium-font-size wp-elements-0ef0573cf3b8f8b80b7a2928d64c1b8a\" style=\"font-style:normal;font-weight:700\">$185.000\/MES<\/h2>\n\n\n\n<ul style=\"font-size:15px\" class=\"wp-block-list\">\n<li>sesiones de 50 min<\/li>\n\n\n\n<li>validez:  mes calendario<\/li>\n\n\n\n<li>no reembolsable, no transferible<\/li>\n<\/ul>\n\n\n\n<div class=\"wp-block-buttons is-layout-flex wp-block-buttons-is-layout-flex\"><\/div>\n<\/div>\n<\/div>\n\n\n\n<div class=\"wp-block-columns alignwide are-vertically-aligned-top has-ast-global-color-5-background-color has-background is-layout-flex wp-container-core-columns-is-layout-f644e4f9 wp-block-columns-is-layout-flex\">\n<div class=\"wp-block-column has-border-color has-ast-global-color-1-border-color has-ast-global-color-4-background-color has-background is-layout-flow wp-block-column-is-layout-flow\" style=\"border-width:5px\">\n<p class=\"has-ast-global-color-1-color has-text-color has-link-color has-medium-font-size wp-elements-d2042e02bfbadf742ec807b9bf9c94ba\"><strong>CANCELACIONES:<\/strong><\/p>\n\n\n\n<ul class=\"wp-block-list\">\n<li><strong>Clase Privada<\/strong>: Dentro de las&nbsp; 12 horas previas al horario de la clase se paga la clase.<\/li>\n\n\n\n<li><strong>Dueto<\/strong>: Se puede recuperar en otro dueto seg\u00fan disponibilidad.&nbsp; No asistir a clase sin previo aviso implicar\u00e1 la p\u00e9rdida de la misma.<\/li>\n\n\n\n<li>Si lleg\u00e1s tarde a la clase, pagar\u00e1s por la sesi\u00f3n completa y solo recibir\u00e1s clase por el tiempo que reste.<\/li>\n\n\n\n<li>No se recupera los feriados.<\/li>\n\n\n\n<li>Todas las clases son con cita previa.<\/li>\n<\/ul>\n<\/div>\n\n\n\n<div class=\"wp-block-column has-border-color has-ast-global-color-1-border-color has-ast-global-color-4-background-color has-background is-layout-flow wp-block-column-is-layout-flow\" style=\"border-width:5px\">\n<p class=\"has-ast-global-color-1-color has-text-color has-link-color has-medium-font-size wp-elements-ef421545170b1e1ce90d36bc3e9757b4\"><strong>REGLAS DE CORTES\u00cdA Y SALUD:<\/strong><\/p>\n\n\n\n<ul class=\"wp-block-list\">\n<li>Por favor no traer comida ni bebida al estudio \u2013 solo botellas de agua.<\/li>\n\n\n\n<li>Por respeto a los dem\u00e1s, por favor apag\u00e1 el tel\u00e9fono m\u00f3vil.<\/li>\n\n\n\n<li>Por favor asegur\u00e1te de usar ropa de entrenamiento limpia y medias limpias y cuid\u00e1 adecuadamente la higiene personal.<\/li>\n\n\n\n<li>Por favor no usar lociones, perfumes o aceites en el estudio.<\/li>\n\n\n\n<li>Si est\u00e1s enfermo, por favor permanec\u00e9 en casa para descansar y recuperarte.<\/li>\n\n\n\n<li>Inform\u00e1 al instructor sobre cualquier lesi\u00f3n preexistente. Si sent\u00eds cualquier dolor o incomodidad durante un ejercicio, alert\u00e1 al instructor.<\/li>\n<\/ul>\n<\/div>\n<\/div>\n","protected":false},"excerpt":{"rendered":"<p>PRECIOS CLASES PRIVADAS 1 CLASE PRIVADA $33.000 4 CLASES PRIVADAS $115.000 10 CLASES PRIVADAS $250.000 DUETOS\/CLASES SEMIPRIVADAS PRECIOS POR PERSONA [&hellip;]<\/p>\n","protected":false},"author":1,"featured_media":0,"parent":0,"menu_order":0,"comment_status":"closed","ping_status":"closed","template":"","meta":{"site-sidebar-layout":"default","site-content-layout":"","ast-site-content-layout":"default","site-content-style":"default","site-sidebar-style":"default","ast-global-header-display":"","ast-banner-title-visibility":"","ast-main-header-display":"","ast-hfb-above-header-display":"","ast-hfb-below-header-display":"","ast-hfb-mobile-header-display":"","site-post-title":"disabled","ast-breadcrumbs-content":"","ast-featured-img":"","footer-sml-layout":"","ast-disable-related-posts":"","theme-transparent-header-meta":"","adv-header-id-meta":"","stick-header-meta":"","header-above-stick-meta":"","header-main-stick-meta":"","header-below-stick-meta":"","astra-migrate-meta-layouts":"default","ast-page-background-enabled":"default","ast-page-background-meta":{"desktop":{"background-color":"var(--ast-global-color-4)","background-image":"","background-repeat":"repeat","background-position":"center center","background-size":"auto","background-attachment":"scroll","background-type":"","background-media":"","overlay-type":"","overlay-color":"","overlay-opacity":"","overlay-gradient":""},"tablet":{"background-color":"","background-image":"","background-repeat":"repeat","background-position":"center center","background-size":"auto","background-attachment":"scroll","background-type":"","background-media":"","overlay-type":"","overlay-color":"","overlay-opacity":"","overlay-gradient":""},"mobile":{"background-color":"","background-image":"","background-repeat":"repeat","background-position":"center center","background-size":"auto","background-attachment":"scroll","background-type":"","background-media":"","overlay-type":"","overlay-color":"","overlay-opacity":"","overlay-gradient":""}},"ast-content-background-meta":{"desktop":{"background-color":"var(--ast-global-color-5)","background-image":"","background-repeat":"repeat","background-position":"center center","background-size":"auto","background-attachment":"scroll","background-type":"","background-media":"","overlay-type":"","overlay-color":"","overlay-opacity":"","overlay-gradient":""},"tablet":{"background-color":"var(--ast-global-color-5)","background-image":"","background-repeat":"repeat","background-position":"center center","background-size":"auto","background-attachment":"scroll","background-type":"","background-media":"","overlay-type":"","overlay-color":"","overlay-opacity":"","overlay-gradient":""},"mobile":{"background-color":"var(--ast-global-color-5)","background-image":"","background-repeat":"repeat","background-position":"center center","background-size":"auto","background-attachment":"scroll","background-type":"","background-media":"","overlay-type":"","overlay-color":"","overlay-opacity":"","overlay-gradient":""}},"footnotes":""},"class_list":["post-310","page","type-page","status-publish","hentry"],"_links":{"self":[{"href":"https:\/\/sisupilates.com\/es\/wp-json\/wp\/v2\/pages\/310","targetHints":{"allow":["GET"]}}],"collection":[{"href":"https:\/\/sisupilates.com\/es\/wp-json\/wp\/v2\/pages"}],"about":[{"href":"https:\/\/sisupilates.com\/es\/wp-json\/wp\/v2\/types\/page"}],"author":[{"embeddable":true,"href":"https:\/\/sisupilates.com\/es\/wp-json\/wp\/v2\/users\/1"}],"replies":[{"embeddable":true,"href":"https:\/\/sisupilates.com\/es\/wp-json\/wp\/v2\/comments?post=310"}],"version-history":[{"count":5,"href":"https:\/\/sisupilates.com\/es\/wp-json\/wp\/v2\/pages\/310\/revisions"}],"predecessor-version":[{"id":686,"href":"https:\/\/sisupilates.com\/es\/wp-json\/wp\/v2\/pages\/310\/revisions\/686"}],"wp:attachment":[{"href":"https:\/\/sisupilates.com\/es\/wp-json\/wp\/v2\/media?parent=310"}],"curies":[{"name":"wp","href":"https:\/\/api.w.org\/{rel}","templated":true}]}}